{"id":3698,"date":"2018-01-18T15:23:21","date_gmt":"2018-01-18T20:23:21","guid":{"rendered":"http:\/\/gestionlaprise.com\/immobilier\/?page_id=3698"},"modified":"2018-02-21T17:03:42","modified_gmt":"2018-02-21T22:03:42","slug":"acces-client","status":"publish","type":"page","link":"https:\/\/gestionlaprise.com\/immobilier\/acces-client\/","title":{"rendered":"Acc\u00e8s client"},"content":{"rendered":"<p>Vous \u00eates locataires dans un de nos appartements ?<a href=\"https:\/\/peweb.magextechnologies.com\/User\/Login.aspx?ReturnUrl=%2f\"><img loading=\"lazy\" decoding=\"async\" class=\"alignright size-medium wp-image-3700\" src=\"http:\/\/gestionlaprise.com\/immobilier\/wp-content\/uploads\/2018\/01\/feuille-client-300x300.png\" alt=\"\" width=\"300\" height=\"300\" srcset=\"https:\/\/gestionlaprise.com\/immobilier\/wp-content\/uploads\/2018\/01\/feuille-client-300x300.png 300w, https:\/\/gestionlaprise.com\/immobilier\/wp-content\/uploads\/2018\/01\/feuille-client-150x150.png 150w, https:\/\/gestionlaprise.com\/immobilier\/wp-content\/uploads\/2018\/01\/feuille-client-220x220.png 220w, https:\/\/gestionlaprise.com\/immobilier\/wp-content\/uploads\/2018\/01\/feuille-client.png 512w\" sizes=\"auto, (max-width: 300px) 100vw, 300px\" \/><\/a><\/p>\n<p>Utilisez votre adresse courriel ainsi que le mot de passe qui vous a \u00e9t\u00e9 fourni afin d&#8217;acc\u00e9der \u00e0 notre portail au <strong><a href=\"https:\/\/peweb.magextechnologies.com\/User\/Login.aspx?ReturnUrl=%2f\" target=\"_blank\" rel=\"noopener\">www.peweb.magextechnologies.com<\/a> .<\/strong><\/p>\n<p>Vous pourrez :<\/p>\n<ul>\n<li>Visualiser les informations de votre bail<\/li>\n<li>Imprimer vos re\u00e7us<\/li>\n<li>Voir votre solde d\u00fb<\/li>\n<li>Faire des appels de services<\/li>\n<\/ul>\n<div style=\"padding-bottom:20px; padding-top:10px;\" class=\"hupso-share-buttons\"><!-- Hupso Share Buttons - https:\/\/www.hupso.com\/share\/ --><a class=\"hupso_counters\" href=\"https:\/\/www.hupso.com\/share\/\"><img decoding=\"async\" src=\"https:\/\/static.hupso.com\/share\/buttons\/lang\/fr\/share-small.png\" style=\"border:0px; padding-top:2px; float:left;\" alt=\"Share Button\"\/><\/a><script type=\"text\/javascript\">var hupso_services_c=new Array(\"facebook_like\",\"facebook_send\",\"google\",\"email\",\"print\");var hupso_counters_lang = \"fr_CA\";var hupso_image_folder_url = \"\";var hupso_url_c=\"\";var hupso_title_c=\"Acc%C3%A8s%20client\";<\/script><script type=\"text\/javascript\" src=\"https:\/\/static.hupso.com\/share\/js\/counters.js\"><\/script><!-- Hupso Share Buttons --><\/div>","protected":false},"excerpt":{"rendered":"<p>Vous \u00eates locataires dans un de nos appartements ? Utilisez votre adresse courriel ainsi que le mot de passe qui vous a \u00e9t\u00e9 fourni afin d&#8217;acc\u00e9der \u00e0 notre portail au www.peweb.magextechnologies.com . Vous pourrez : Visualiser les informations de votre bail Imprimer vos re\u00e7us Voir votre solde d\u00fb Faire des appels de services<\/p>\n<div style=\"padding-bottom:20px; padding-top:10px;\" class=\"hupso-share-buttons\"><!-- Hupso Share Buttons - https:\/\/www.hupso.com\/share\/ --><a class=\"hupso_counters\" href=\"https:\/\/www.hupso.com\/share\/\"><img src=\"https:\/\/static.hupso.com\/share\/buttons\/lang\/fr\/share-small.png\" style=\"border:0px; padding-top:2px; float:left;\" alt=\"Share Button\"\/><\/a><script type=\"text\/javascript\">var hupso_services_c=new Array(\"facebook_like\",\"facebook_send\",\"google\",\"email\",\"print\");var hupso_counters_lang = \"fr_CA\";var hupso_image_folder_url = \"\";var hupso_url_c=\"\";var hupso_title_c=\"Acc%C3%A8s%20client\";<\/script><script type=\"text\/javascript\" src=\"https:\/\/static.hupso.com\/share\/js\/counters.js\"><\/script><!-- Hupso Share Buttons --><\/div>","protected":false},"author":1,"featured_media":0,"parent":0,"menu_order":0,"comment_status":"closed","ping_status":"closed","template":"","meta":{"footnotes":""},"class_list":["post-3698","page","type-page","status-publish","hentry","clearfix"],"yoast_head":"<!-- This site is optimized with the Yoast SEO plugin v27.2 - https:\/\/yoast.com\/product\/yoast-seo-wordpress\/ -->\n<title>Acc\u00e8s client - Gestion Laprise | Immobilier<\/title>\n<meta name=\"robots\" content=\"index, follow, max-snippet:-1, max-image-preview:large, max-video-preview:-1\" \/>\n<link rel=\"canonical\" href=\"https:\/\/gestionlaprise.com\/immobilier\/acces-client\/\" \/>\n<meta property=\"og:locale\" content=\"fr_FR\" \/>\n<meta property=\"og:type\" content=\"article\" \/>\n<meta property=\"og:title\" content=\"Acc\u00e8s client - Gestion Laprise | Immobilier\" \/>\n<meta property=\"og:description\" content=\"Vous \u00eates locataires dans un de nos appartements ? Utilisez votre adresse courriel ainsi que le mot de passe qui vous a \u00e9t\u00e9 fourni afin d&#8217;acc\u00e9der \u00e0 notre portail au www.peweb.magextechnologies.com . Vous pourrez : Visualiser les informations de votre bail Imprimer vos re\u00e7us Voir votre solde d\u00fb Faire des appels de services\" \/>\n<meta property=\"og:url\" content=\"https:\/\/gestionlaprise.com\/immobilier\/acces-client\/\" \/>\n<meta property=\"og:site_name\" content=\"Gestion Laprise | Immobilier\" \/>\n<meta property=\"article:publisher\" content=\"https:\/\/www.facebook.com\/GestionLaprise\/\" \/>\n<meta property=\"article:modified_time\" content=\"2018-02-21T22:03:42+00:00\" \/>\n<meta property=\"og:image\" content=\"http:\/\/gestionlaprise.com\/immobilier\/wp-content\/uploads\/2018\/01\/feuille-client-300x300.png\" \/>\n<meta name=\"twitter:card\" content=\"summary_large_image\" \/>\n<script type=\"application\/ld+json\" class=\"yoast-schema-graph\">{\"@context\":\"https:\/\/schema.org\",\"@graph\":[{\"@type\":\"WebPage\",\"@id\":\"https:\/\/gestionlaprise.com\/immobilier\/acces-client\/\",\"url\":\"https:\/\/gestionlaprise.com\/immobilier\/acces-client\/\",\"name\":\"Acc\u00e8s client - Gestion Laprise | Immobilier\",\"isPartOf\":{\"@id\":\"https:\/\/gestionlaprise.com\/immobilier\/#website\"},\"primaryImageOfPage\":{\"@id\":\"https:\/\/gestionlaprise.com\/immobilier\/acces-client\/#primaryimage\"},\"image\":{\"@id\":\"https:\/\/gestionlaprise.com\/immobilier\/acces-client\/#primaryimage\"},\"thumbnailUrl\":\"http:\/\/gestionlaprise.com\/immobilier\/wp-content\/uploads\/2018\/01\/feuille-client-300x300.png\",\"datePublished\":\"2018-01-18T20:23:21+00:00\",\"dateModified\":\"2018-02-21T22:03:42+00:00\",\"breadcrumb\":{\"@id\":\"https:\/\/gestionlaprise.com\/immobilier\/acces-client\/#breadcrumb\"},\"inLanguage\":\"fr-FR\",\"potentialAction\":[{\"@type\":\"ReadAction\",\"target\":[\"https:\/\/gestionlaprise.com\/immobilier\/acces-client\/\"]}]},{\"@type\":\"ImageObject\",\"inLanguage\":\"fr-FR\",\"@id\":\"https:\/\/gestionlaprise.com\/immobilier\/acces-client\/#primaryimage\",\"url\":\"http:\/\/gestionlaprise.com\/immobilier\/wp-content\/uploads\/2018\/01\/feuille-client-300x300.png\",\"contentUrl\":\"http:\/\/gestionlaprise.com\/immobilier\/wp-content\/uploads\/2018\/01\/feuille-client-300x300.png\"},{\"@type\":\"BreadcrumbList\",\"@id\":\"https:\/\/gestionlaprise.com\/immobilier\/acces-client\/#breadcrumb\",\"itemListElement\":[{\"@type\":\"ListItem\",\"position\":1,\"name\":\"Accueil\",\"item\":\"https:\/\/gestionlaprise.com\/immobilier\/\"},{\"@type\":\"ListItem\",\"position\":2,\"name\":\"Acc\u00e8s client\"}]},{\"@type\":\"WebSite\",\"@id\":\"https:\/\/gestionlaprise.com\/immobilier\/#website\",\"url\":\"https:\/\/gestionlaprise.com\/immobilier\/\",\"name\":\"Gestion Laprise | Immobilier\",\"description\":\"Immobilier - Logements \u00e0 louer \",\"publisher\":{\"@id\":\"https:\/\/gestionlaprise.com\/immobilier\/#organization\"},\"potentialAction\":[{\"@type\":\"SearchAction\",\"target\":{\"@type\":\"EntryPoint\",\"urlTemplate\":\"https:\/\/gestionlaprise.com\/immobilier\/?s={search_term_string}\"},\"query-input\":{\"@type\":\"PropertyValueSpecification\",\"valueRequired\":true,\"valueName\":\"search_term_string\"}}],\"inLanguage\":\"fr-FR\"},{\"@type\":\"Organization\",\"@id\":\"https:\/\/gestionlaprise.com\/immobilier\/#organization\",\"name\":\"Gestion Laprise Service Immobilier\",\"url\":\"https:\/\/gestionlaprise.com\/immobilier\/\",\"logo\":{\"@type\":\"ImageObject\",\"inLanguage\":\"fr-FR\",\"@id\":\"https:\/\/gestionlaprise.com\/immobilier\/#\/schema\/logo\/image\/\",\"url\":\"https:\/\/gestionlaprise.com\/immobilier\/wp-content\/uploads\/2018\/01\/logo_Gestion_Laprise236x130.jpg\",\"contentUrl\":\"https:\/\/gestionlaprise.com\/immobilier\/wp-content\/uploads\/2018\/01\/logo_Gestion_Laprise236x130.jpg\",\"width\":236,\"height\":130,\"caption\":\"Gestion Laprise Service Immobilier\"},\"image\":{\"@id\":\"https:\/\/gestionlaprise.com\/immobilier\/#\/schema\/logo\/image\/\"},\"sameAs\":[\"https:\/\/www.facebook.com\/GestionLaprise\/\"]}]}<\/script>\n<!-- \/ Yoast SEO plugin. -->","yoast_head_json":{"title":"Acc\u00e8s client - Gestion Laprise | Immobilier","robots":{"index":"index","follow":"follow","max-snippet":"max-snippet:-1","max-image-preview":"max-image-preview:large","max-video-preview":"max-video-preview:-1"},"canonical":"https:\/\/gestionlaprise.com\/immobilier\/acces-client\/","og_locale":"fr_FR","og_type":"article","og_title":"Acc\u00e8s client - Gestion Laprise | Immobilier","og_description":"Vous \u00eates locataires dans un de nos appartements ? Utilisez votre adresse courriel ainsi que le mot de passe qui vous a \u00e9t\u00e9 fourni afin d&#8217;acc\u00e9der \u00e0 notre portail au www.peweb.magextechnologies.com . Vous pourrez : Visualiser les informations de votre bail Imprimer vos re\u00e7us Voir votre solde d\u00fb Faire des appels de services","og_url":"https:\/\/gestionlaprise.com\/immobilier\/acces-client\/","og_site_name":"Gestion Laprise | Immobilier","article_publisher":"https:\/\/www.facebook.com\/GestionLaprise\/","article_modified_time":"2018-02-21T22:03:42+00:00","og_image":[{"url":"http:\/\/gestionlaprise.com\/immobilier\/wp-content\/uploads\/2018\/01\/feuille-client-300x300.png","type":"","width":"","height":""}],"twitter_card":"summary_large_image","schema":{"@context":"https:\/\/schema.org","@graph":[{"@type":"WebPage","@id":"https:\/\/gestionlaprise.com\/immobilier\/acces-client\/","url":"https:\/\/gestionlaprise.com\/immobilier\/acces-client\/","name":"Acc\u00e8s client - Gestion Laprise | Immobilier","isPartOf":{"@id":"https:\/\/gestionlaprise.com\/immobilier\/#website"},"primaryImageOfPage":{"@id":"https:\/\/gestionlaprise.com\/immobilier\/acces-client\/#primaryimage"},"image":{"@id":"https:\/\/gestionlaprise.com\/immobilier\/acces-client\/#primaryimage"},"thumbnailUrl":"http:\/\/gestionlaprise.com\/immobilier\/wp-content\/uploads\/2018\/01\/feuille-client-300x300.png","datePublished":"2018-01-18T20:23:21+00:00","dateModified":"2018-02-21T22:03:42+00:00","breadcrumb":{"@id":"https:\/\/gestionlaprise.com\/immobilier\/acces-client\/#breadcrumb"},"inLanguage":"fr-FR","potentialAction":[{"@type":"ReadAction","target":["https:\/\/gestionlaprise.com\/immobilier\/acces-client\/"]}]},{"@type":"ImageObject","inLanguage":"fr-FR","@id":"https:\/\/gestionlaprise.com\/immobilier\/acces-client\/#primaryimage","url":"http:\/\/gestionlaprise.com\/immobilier\/wp-content\/uploads\/2018\/01\/feuille-client-300x300.png","contentUrl":"http:\/\/gestionlaprise.com\/immobilier\/wp-content\/uploads\/2018\/01\/feuille-client-300x300.png"},{"@type":"BreadcrumbList","@id":"https:\/\/gestionlaprise.com\/immobilier\/acces-client\/#breadcrumb","itemListElement":[{"@type":"ListItem","position":1,"name":"Accueil","item":"https:\/\/gestionlaprise.com\/immobilier\/"},{"@type":"ListItem","position":2,"name":"Acc\u00e8s client"}]},{"@type":"WebSite","@id":"https:\/\/gestionlaprise.com\/immobilier\/#website","url":"https:\/\/gestionlaprise.com\/immobilier\/","name":"Gestion Laprise | Immobilier","description":"Immobilier - Logements \u00e0 louer ","publisher":{"@id":"https:\/\/gestionlaprise.com\/immobilier\/#organization"},"potentialAction":[{"@type":"SearchAction","target":{"@type":"EntryPoint","urlTemplate":"https:\/\/gestionlaprise.com\/immobilier\/?s={search_term_string}"},"query-input":{"@type":"PropertyValueSpecification","valueRequired":true,"valueName":"search_term_string"}}],"inLanguage":"fr-FR"},{"@type":"Organization","@id":"https:\/\/gestionlaprise.com\/immobilier\/#organization","name":"Gestion Laprise Service Immobilier","url":"https:\/\/gestionlaprise.com\/immobilier\/","logo":{"@type":"ImageObject","inLanguage":"fr-FR","@id":"https:\/\/gestionlaprise.com\/immobilier\/#\/schema\/logo\/image\/","url":"https:\/\/gestionlaprise.com\/immobilier\/wp-content\/uploads\/2018\/01\/logo_Gestion_Laprise236x130.jpg","contentUrl":"https:\/\/gestionlaprise.com\/immobilier\/wp-content\/uploads\/2018\/01\/logo_Gestion_Laprise236x130.jpg","width":236,"height":130,"caption":"Gestion Laprise Service Immobilier"},"image":{"@id":"https:\/\/gestionlaprise.com\/immobilier\/#\/schema\/logo\/image\/"},"sameAs":["https:\/\/www.facebook.com\/GestionLaprise\/"]}]}},"_links":{"self":[{"href":"https:\/\/gestionlaprise.com\/immobilier\/wp-json\/wp\/v2\/pages\/3698","targetHints":{"allow":["GET"]}}],"collection":[{"href":"https:\/\/gestionlaprise.com\/immobilier\/wp-json\/wp\/v2\/pages"}],"about":[{"href":"https:\/\/gestionlaprise.com\/immobilier\/wp-json\/wp\/v2\/types\/page"}],"author":[{"embeddable":true,"href":"https:\/\/gestionlaprise.com\/immobilier\/wp-json\/wp\/v2\/users\/1"}],"replies":[{"embeddable":true,"href":"https:\/\/gestionlaprise.com\/immobilier\/wp-json\/wp\/v2\/comments?post=3698"}],"version-history":[{"count":3,"href":"https:\/\/gestionlaprise.com\/immobilier\/wp-json\/wp\/v2\/pages\/3698\/revisions"}],"predecessor-version":[{"id":3867,"href":"https:\/\/gestionlaprise.com\/immobilier\/wp-json\/wp\/v2\/pages\/3698\/revisions\/3867"}],"wp:attachment":[{"href":"https:\/\/gestionlaprise.com\/immobilier\/wp-json\/wp\/v2\/media?parent=3698"}],"curies":[{"name":"wp","href":"https:\/\/api.w.org\/{rel}","templated":true}]}}